{"id":236,"date":"2026-01-11T11:44:08","date_gmt":"2026-01-11T11:44:08","guid":{"rendered":"https:\/\/civiservcy.com\/?page_id=236"},"modified":"2026-01-19T21:39:15","modified_gmt":"2026-01-19T21:39:15","slug":"%cf%84%ce%b5%cf%83%cf%84","status":"publish","type":"page","link":"https:\/\/civiservcy.com\/?page_id=236&lang=tr","title":{"rendered":""},"content":{"rendered":"\n<p><\/p>\n\n\n\n<p><\/p>\n\n\n\n<p><\/p>\n\n\n\n<h2 class=\"wp-block-heading\"><strong>K\u0131br\u0131s\u2019ta Devlet Hizmetleri ve Ba\u015fvurular i\u00e7in Destek<\/strong><\/h2>\n\n\n\n<p>K\u0131br\u0131s\u2019ta hizmetler, i\u015flemler, ba\u015fvurular ve belgeler konusunda destek sa\u011flayan \u00f6zel bir ofisiz.<br>\u0130\u015flerinizi zahmetsiz ve do\u011fru \u015fekilde tamamlaman\u0131za yard\u0131mc\u0131 oluyoruz.<\/p>\n\n\n\n<p>T\u00fcm b\u00f6lgelerde hizmet veriyoruz:<br><strong>Lefko\u015fa, Limasol, Larnaka, Baf, Ma\u011fusa<\/strong><\/p>\n\n\n\n<p>Ba\u015fvurular &amp; Formlar | Kurum randevular\u0131 | Ad\u0131m ad\u0131m rehberlik | T\u00fcm K\u0131br\u0131s\u2019ta hizmet<\/p>\n\n\n\n<div class=\"wp-block-buttons is-layout-flex wp-block-buttons-is-layout-flex\">\n<div class=\"wp-block-button\"><a class=\"wp-block-button__link wp-element-button\" href=\"https:\/\/civiservcy.com\/?page_id=339&amp;lang=tr\" style=\"border-radius:999px\">Bizimle ileti\u015fime ge\u00e7in<\/a><\/div>\n\n\n\n<div class=\"wp-block-button\"><a class=\"wp-block-button__link has-contrast-background-color has-background wp-element-button\" href=\"tel:+35799999999\" style=\"border-radius:999px\">Hemen aray\u0131n<\/a><\/div>\n\n\n\n<div class=\"wp-block-button\"><a class=\"wp-block-button__link has-contrast-background-color has-background wp-element-button\" href=\"https:\/\/wa.me\/35799525887\" style=\"border-radius:999px\" target=\"_blank\">\n\n  <img decoding=\"async\" src=\"https:\/\/civiservcy.com\/wp-content\/uploads\/2026\/01\/social.png\" alt=\"WhatsApp\" class=\"wa-img\"> WhatsApp\n<\/a><\/div>\n<\/div>\n\n\n\n<div style=\"height:61px\" aria-hidden=\"true\" class=\"wp-block-spacer\"><\/div>\n\n\n\n<h3 class=\"wp-block-heading\"><strong>\u00d6zel Vatanda\u015f Destek Ofisi<\/strong><\/h3>\n\n\n\n<p>\ud83c\udfdb <strong>Devlet Ba\u015fvurular\u0131 &amp; Formlar<\/strong><\/p>\n\n\n\n<ul class=\"wp-block-list\">\n<li>Ba\u015fvuru formlar\u0131n\u0131n doldurulmas\u0131<\/li>\n\n\n\n<li>Gerekli belgelerin kontrol\u00fc<\/li>\n\n\n\n<li>Dosya teslimi<\/li>\n\n\n\n<li>Devlet kurumlar\u0131 i\u00e7in rehberlik<\/li>\n<\/ul>\n\n\n\n<p>\ud83d\udcc5 <strong>Kamu Kurumlar\u0131 Randevular\u0131<\/strong><\/p>\n\n\n\n<ul class=\"wp-block-list\">\n<li>Randevu alma<\/li>\n\n\n\n<li>Dosya d\u00fczenleme<\/li>\n\n\n\n<li>Hat\u0131rlatmalar<\/li>\n\n\n\n<li>Gerekli durumlarda e\u015flik<\/li>\n<\/ul>\n\n\n\n<p>\ud83d\udcc4 <strong>Belgeler &amp; Dilek\u00e7eler<\/strong><\/p>\n\n\n\n<ul class=\"wp-block-list\">\n<li>Dilek\u00e7e yaz\u0131m\u0131<\/li>\n\n\n\n<li>Evrak toplama<\/li>\n\n\n\n<li>Belge d\u00fczenleme<\/li>\n\n\n\n<li>Basit \u00e7eviriler<\/li>\n<\/ul>\n\n\n\n<div class=\"wp-block-group has-global-padding is-layout-constrained wp-block-group-is-layout-constrained\"><\/div>\n\n\n\n<hr class=\"wp-block-separator has-alpha-channel-opacity is-style-wide\"\/>\n\n\n\n<div style=\"height:108px\" aria-hidden=\"true\" class=\"wp-block-spacer\"><\/div>\n\n\n\n<div data-wp-context=\"{ &quot;autoclose&quot;: false, &quot;accordionItems&quot;: [] }\" data-wp-interactive=\"core\/accordion\" role=\"group\" class=\"wp-block-accordion is-layout-flow wp-block-accordion-is-layout-flow\">\n<div data-wp-class--is-open=\"state.isOpen\" data-wp-context=\"{ &quot;id&quot;: &quot;accordion-item-2&quot;, &quot;openByDefault&quot;: false }\" data-wp-init=\"callbacks.initAccordionItems\" data-wp-on-window--hashchange=\"callbacks.hashChange\" class=\"wp-block-accordion-item is-layout-flow wp-block-accordion-item-is-layout-flow\">\n<h3 class=\"wp-block-accordion-heading\"><button aria-expanded=\"false\" aria-controls=\"accordion-item-2-panel\" data-wp-bind--aria-expanded=\"state.isOpen\" data-wp-on--click=\"actions.toggle\" data-wp-on--keydown=\"actions.handleKeyDown\" id=\"accordion-item-2\" class=\"wp-block-accordion-heading__toggle\"><span class=\"wp-block-accordion-heading__toggle-title\">Ek Hizmetler<\/span><span class=\"wp-block-accordion-heading__toggle-icon\" aria-hidden=\"true\">+<\/span><\/button><\/h3>\n\n\n\n<div inert aria-labelledby=\"accordion-item-2\" data-wp-bind--inert=\"!state.isOpen\" id=\"accordion-item-2-panel\" role=\"region\" class=\"wp-block-accordion-panel is-layout-flow wp-block-accordion-panel-is-layout-flow\">\n<h3 class=\"wp-block-heading\">\ud83d\udcbc <strong>Vergi Beyanlar\u0131<\/strong><br>Y\u0131ll\u0131k basit vergi beyannameleri i\u00e7in destek.<\/h3>\n\n\n\n<p>\ud83c\udf0d <strong>Vize &amp; G\u00f6\u00e7menlik<\/strong><br>Vize ba\u015fvurular\u0131 i\u00e7in rehberlik ve belge haz\u0131rl\u0131\u011f\u0131.<\/p>\n\n\n\n<p>\ud83d\udcb3 <strong>Fatura \u00d6demeleri<\/strong><br>M\u00fc\u015fteri yetkilendirmesi ile \u00f6deme i\u015flemleri.<\/p>\n\n\n\n<p><strong>\u00d6nemli:<\/strong><br>Ofisimiz \u00f6zeldir ve yaln\u0131zca destek &amp; rehberlik sunar.<br>Resmi devlet kurumu de\u011fildir.<\/p>\n\n\n\n<div data-wp-context=\"{ &quot;autoclose&quot;: false, &quot;accordionItems&quot;: [] }\" data-wp-interactive=\"core\/accordion\" role=\"group\" class=\"wp-block-accordion is-layout-flow wp-block-accordion-is-layout-flow\">\n<div data-wp-class--is-open=\"state.isOpen\" data-wp-context=\"{ &quot;id&quot;: &quot;accordion-item-1&quot;, &quot;openByDefault&quot;: false }\" data-wp-init=\"callbacks.initAccordionItems\" data-wp-on-window--hashchange=\"callbacks.hashChange\" class=\"wp-block-accordion-item is-layout-flow wp-block-accordion-item-is-layout-flow\">\n<h3 class=\"wp-block-accordion-heading\"><button aria-expanded=\"false\" aria-controls=\"accordion-item-1-panel\" data-wp-bind--aria-expanded=\"state.isOpen\" data-wp-on--click=\"actions.toggle\" data-wp-on--keydown=\"actions.handleKeyDown\" id=\"accordion-item-1\" class=\"wp-block-accordion-heading__toggle\"><span class=\"wp-block-accordion-heading__toggle-title\"><\/span><span class=\"wp-block-accordion-heading__toggle-icon\" aria-hidden=\"true\">+<\/span><\/button><\/h3>\n\n\n\n<div inert aria-labelledby=\"accordion-item-1\" data-wp-bind--inert=\"!state.isOpen\" id=\"accordion-item-1-panel\" role=\"region\" class=\"wp-block-accordion-panel is-layout-flow wp-block-accordion-panel-is-layout-flow\">\n<p><\/p>\n<\/div>\n<\/div>\n<\/div>\n<\/div>\n<\/div>\n<\/div>\n\n\n\n<hr class=\"wp-block-separator has-alpha-channel-opacity is-style-wide\"\/>\n\n\n\n<div data-wp-context=\"{ &quot;autoclose&quot;: false, &quot;accordionItems&quot;: [] }\" data-wp-interactive=\"core\/accordion\" role=\"group\" class=\"wp-block-accordion is-layout-flow wp-block-accordion-is-layout-flow\">\n<div data-wp-class--is-open=\"state.isOpen\" data-wp-context=\"{ &quot;id&quot;: &quot;accordion-item-3&quot;, &quot;openByDefault&quot;: false }\" data-wp-init=\"callbacks.initAccordionItems\" data-wp-on-window--hashchange=\"callbacks.hashChange\" class=\"wp-block-accordion-item is-layout-flow wp-block-accordion-item-is-layout-flow\">\n<h3 class=\"wp-block-accordion-heading\"><button aria-expanded=\"false\" aria-controls=\"accordion-item-3-panel\" data-wp-bind--aria-expanded=\"state.isOpen\" data-wp-on--click=\"actions.toggle\" data-wp-on--keydown=\"actions.handleKeyDown\" id=\"accordion-item-3\" class=\"wp-block-accordion-heading__toggle\"><span class=\"wp-block-accordion-heading__toggle-title\">Y\u00fcz y\u00fcze veya online hizmet<\/span><span class=\"wp-block-accordion-heading__toggle-icon\" aria-hidden=\"true\">+<\/span><\/button><\/h3>\n\n\n\n<div inert aria-labelledby=\"accordion-item-3\" data-wp-bind--inert=\"!state.isOpen\" id=\"accordion-item-3-panel\" role=\"region\" class=\"wp-block-accordion-panel is-layout-flow wp-block-accordion-panel-is-layout-flow\">\n<p>Ofise gelmeden <strong>online destek<\/strong> alabilirsiniz.<\/p>\n\n\n\n<ul class=\"wp-block-list\">\n<li>Belge g\u00f6nderimi<\/li>\n\n\n\n<li>Telefonla rehberlik<\/li>\n\n\n\n<li>E-posta deste\u011fi<\/li>\n<\/ul>\n<\/div>\n<\/div>\n<\/div>\n\n\n\n<hr class=\"wp-block-separator has-alpha-channel-opacity is-style-wide\"\/>\n\n\n\n<div data-wp-context=\"{ &quot;autoclose&quot;: false, &quot;accordionItems&quot;: [] }\" data-wp-interactive=\"core\/accordion\" role=\"group\" class=\"wp-block-accordion is-layout-flow wp-block-accordion-is-layout-flow\">\n<div data-wp-class--is-open=\"state.isOpen\" data-wp-context=\"{ &quot;id&quot;: &quot;accordion-item-4&quot;, &quot;openByDefault&quot;: false }\" data-wp-init=\"callbacks.initAccordionItems\" data-wp-on-window--hashchange=\"callbacks.hashChange\" class=\"wp-block-accordion-item is-layout-flow wp-block-accordion-item-is-layout-flow\">\n<h3 class=\"wp-block-accordion-heading\"><button aria-expanded=\"false\" aria-controls=\"accordion-item-4-panel\" data-wp-bind--aria-expanded=\"state.isOpen\" data-wp-on--click=\"actions.toggle\" data-wp-on--keydown=\"actions.handleKeyDown\" id=\"accordion-item-4\" class=\"wp-block-accordion-heading__toggle\"><span class=\"wp-block-accordion-heading__toggle-title\">Neden bizi tercih etmelisiniz?<\/span><span class=\"wp-block-accordion-heading__toggle-icon\" aria-hidden=\"true\">+<\/span><\/button><\/h3>\n\n\n\n<div inert aria-labelledby=\"accordion-item-4\" data-wp-bind--inert=\"!state.isOpen\" id=\"accordion-item-4-panel\" role=\"region\" class=\"wp-block-accordion-panel is-layout-flow wp-block-accordion-panel-is-layout-flow\">\n<ul class=\"wp-block-list\">\n<li>\u2714 Ki\u015fisel hizmet<\/li>\n\n\n\n<li>\u2714 Basit ve anla\u015f\u0131l\u0131r a\u00e7\u0131klamalar<\/li>\n\n\n\n<li>\u2714 Devlet i\u015flemlerinde deneyim<\/li>\n\n\n\n<li>\u2714 Zaman ve stres tasarrufu<\/li>\n\n\n\n<li>\u2714 \u00d6zel destek ofisi<\/li>\n<\/ul>\n<\/div>\n<\/div>\n<\/div>\n\n\n\n<hr class=\"wp-block-separator has-alpha-channel-opacity is-style-wide\"\/>\n\n\n\n<div data-wp-context=\"{ &quot;autoclose&quot;: false, &quot;accordionItems&quot;: [] }\" data-wp-interactive=\"core\/accordion\" role=\"group\" class=\"wp-block-accordion is-layout-flow wp-block-accordion-is-layout-flow\">\n<div data-wp-class--is-open=\"state.isOpen\" data-wp-context=\"{ &quot;id&quot;: &quot;accordion-item-5&quot;, &quot;openByDefault&quot;: false }\" data-wp-init=\"callbacks.initAccordionItems\" data-wp-on-window--hashchange=\"callbacks.hashChange\" class=\"wp-block-accordion-item is-layout-flow wp-block-accordion-item-is-layout-flow\">\n<h3 class=\"wp-block-accordion-heading\"><button aria-expanded=\"false\" aria-controls=\"accordion-item-5-panel\" data-wp-bind--aria-expanded=\"state.isOpen\" data-wp-on--click=\"actions.toggle\" data-wp-on--keydown=\"actions.handleKeyDown\" id=\"accordion-item-5\" class=\"wp-block-accordion-heading__toggle\"><span class=\"wp-block-accordion-heading__toggle-title\">S\u0131k\u00e7a Sorulan Sorular<\/span><span class=\"wp-block-accordion-heading__toggle-icon\" aria-hidden=\"true\">+<\/span><\/button><\/h3>\n\n\n\n<div inert aria-labelledby=\"accordion-item-5\" data-wp-bind--inert=\"!state.isOpen\" id=\"accordion-item-5-panel\" role=\"region\" class=\"wp-block-accordion-panel is-layout-flow wp-block-accordion-panel-is-layout-flow\">\n<h3 class=\"wp-block-heading\"><strong>Hangi t\u00fcr ba\u015fvurularla ilgileniyorsunuz?<\/strong><br>\u00c7e\u015fitli devlet ba\u015fvurular\u0131 ve i\u015flemlerinde destek veriyoruz.<\/h3>\n\n\n\n<p><strong>Devlet kurumu musunuz?<\/strong><br>Hay\u0131r. \u00d6zel bir vatanda\u015f destek ofisiyiz.<\/p>\n\n\n\n<p><strong>T\u00fcm K\u0131br\u0131s\u2019ta hizmet veriyor musunuz?<\/strong><br>Evet, y\u00fcz y\u00fcze ve online hizmet sunuyoruz.<\/p>\n<\/div>\n<\/div>\n<\/div>\n\n\n\n<hr class=\"wp-block-separator has-alpha-channel-opacity is-style-wide\"\/>\n\n\n\n<div style=\"height:72px\" aria-hidden=\"true\" class=\"wp-block-spacer\"><\/div>\n\n\n\n<h2 class=\"wp-block-heading\"><strong>Bir i\u015flem i\u00e7in yard\u0131ma m\u0131 ihtiyac\u0131n\u0131z var?<\/strong><\/h2>\n\n\n\n<p>Formu doldurun, en k\u0131sa s\u00fcrede sizinle ileti\u015fime ge\u00e7elim.<\/p>\n\n\n\n<p><\/p>\n\n\n\n<div class=\"wp-block-buttons is-layout-flex wp-block-buttons-is-layout-flex\">\n<div class=\"wp-block-button\"><a class=\"wp-block-button__link wp-element-button\" href=\"https:\/\/civiservcy.com\/?page_id=339&amp;lang=tr\" style=\"border-radius:999px\">Bizimle ileti\u015fime ge\u00e7in<\/a><\/div>\n\n\n\n<div class=\"wp-block-button\"><a class=\"wp-block-button__link has-contrast-background-color has-background wp-element-button\" href=\"tel:+35799999999\" style=\"border-radius:999px\">Hemen aray\u0131n<\/a><\/div>\n\n\n\n<div class=\"wp-block-button\"><a class=\"wp-block-button__link has-contrast-background-color has-background wp-element-button\" href=\"https:\/\/wa.me\/35799525887\" style=\"border-radius:999px\" target=\"_blank\"><img decoding=\"async\" class=\"wa-img\" src=\"https:\/\/civiservcy.com\/wp-content\/uploads\/2026\/01\/social.png\" alt=\"WhatsApp\"> WhatsApp<\/a><\/div>\n<\/div>\n\n\n\n<p><\/p>\n","protected":false},"excerpt":{"rendered":"<p>K\u0131br\u0131s\u2019ta Devlet Hizmetleri ve Ba\u015fvurular i\u00e7in Destek K\u0131br\u0131s\u2019ta hizmetler, i\u015flemler, ba\u015fvurular ve belgeler konusunda destek sa\u011flayan \u00f6zel bir ofisiz.\u0130\u015flerinizi zahmetsiz ve do\u011fru \u015fekilde tamamlaman\u0131za yard\u0131mc\u0131 oluyoruz. T\u00fcm b\u00f6lgelerde hizmet veriyoruz:Lefko\u015fa, Limasol, Larnaka, Baf, Ma\u011fusa Ba\u015fvurular &amp; Formlar | Kurum randevular\u0131 | Ad\u0131m ad\u0131m rehberlik | T\u00fcm K\u0131br\u0131s\u2019ta hizmet \u00d6zel Vatanda\u015f Destek Ofisi \ud83c\udfdb Devlet Ba\u015fvurular\u0131 [&hellip;]<\/p>\n","protected":false},"author":1,"featured_media":48,"parent":0,"menu_order":0,"comment_status":"closed","ping_status":"closed","template":"","meta":{"footnotes":""},"class_list":["post-236","page","type-page","status-publish","has-post-thumbnail","hentry"],"_links":{"self":[{"href":"https:\/\/civiservcy.com\/index.php?rest_route=\/wp\/v2\/pages\/236","targetHints":{"allow":["GET"]}}],"collection":[{"href":"https:\/\/civiservcy.com\/index.php?rest_route=\/wp\/v2\/pages"}],"about":[{"href":"https:\/\/civiservcy.com\/index.php?rest_route=\/wp\/v2\/types\/page"}],"author":[{"embeddable":true,"href":"https:\/\/civiservcy.com\/index.php?rest_route=\/wp\/v2\/users\/1"}],"replies":[{"embeddable":true,"href":"https:\/\/civiservcy.com\/index.php?rest_route=%2Fwp%2Fv2%2Fcomments&post=236"}],"version-history":[{"count":14,"href":"https:\/\/civiservcy.com\/index.php?rest_route=\/wp\/v2\/pages\/236\/revisions"}],"predecessor-version":[{"id":351,"href":"https:\/\/civiservcy.com\/index.php?rest_route=\/wp\/v2\/pages\/236\/revisions\/351"}],"wp:featuredmedia":[{"embeddable":true,"href":"https:\/\/civiservcy.com\/index.php?rest_route=\/wp\/v2\/media\/48"}],"wp:attachment":[{"href":"https:\/\/civiservcy.com\/index.php?rest_route=%2Fwp%2Fv2%2Fmedia&parent=236"}],"curies":[{"name":"wp","href":"https:\/\/api.w.org\/{rel}","templated":true}]}}