{"id":339,"date":"2026-01-10T20:39:43","date_gmt":"2026-01-10T20:39:43","guid":{"rendered":"https:\/\/civiservcy.com\/?page_id=339"},"modified":"2026-01-19T21:40:06","modified_gmt":"2026-01-19T21:40:06","slug":"iletisim","status":"publish","type":"page","link":"https:\/\/civiservcy.com\/?page_id=339&lang=tr","title":{"rendered":"\u0130leti\u015fim"},"content":{"rendered":"\n<main class=\"wp-block-group has-global-padding is-layout-constrained wp-block-group-is-layout-constrained\">\n<h1 class=\"wp-block-heading has-text-align-left\"><\/h1>\n\n\n\n<p class=\"has-large-font-size\"><strong>Vergi, vize, \u00f6deme veya i\u015flemlerle ilgili yard\u0131ma m\u0131 ihtiyac\u0131n\u0131z var?<\/strong><\/p>\n\n\n\n<p class=\"has-large-font-size\">Bize mesaj g\u00f6nderin, en k\u0131sa s\u00fcrede size geri d\u00f6n\u00fc\u015f yapal\u0131m.<\/p>\n\n\n\n<div class=\"wp-block-columns is-layout-flex wp-container-core-columns-is-layout-28f84493 wp-block-columns-is-layout-flex\">\n<div class=\"wp-block-column is-layout-flow wp-block-column-is-layout-flow\">\n<div class=\"wp-block-group has-border-color is-layout-flow wp-block-group-is-layout-flow\" style=\"border-color:rgba(0,0,0,0.12);border-width:1px;border-radius:16px;padding-top:18px;padding-right:18px;padding-bottom:18px;padding-left:18px\">\n<h3 class=\"wp-block-heading\"><strong>\u0130leti\u015fim Formu<\/strong><\/h3>\n\n\n\n<p>Formu doldurun, k\u0131sa s\u00fcre i\u00e7inde sizinle ileti\u015fime ge\u00e7elim.<\/p>\n\n\n\n<div class=\"wpcf7 no-js\" id=\"wpcf7-f338-o1\" lang=\"en-US\" dir=\"ltr\" data-wpcf7-id=\"338\">\n<div class=\"screen-reader-response\"><p role=\"status\" aria-live=\"polite\" aria-atomic=\"true\"><\/p> <ul><\/ul><\/div>\n<form action=\"\/index.php?rest_route=%2Fwp%2Fv2%2Fpages%2F339#wpcf7-f338-o1\" method=\"post\" class=\"wpcf7-form init 1ff70cdb238b cmatic-disconn cmatic-aud-0 cmatic-mapd0-0 cmatic-v097802 cmatic-sent-0 cmatic-total-0\" aria-label=\"Contact form\" novalidate=\"novalidate\" data-status=\"init\">\n<fieldset class=\"hidden-fields-container\"><input type=\"hidden\" name=\"_wpcf7\" value=\"338\" \/><input type=\"hidden\" name=\"_wpcf7_version\" value=\"6.1.5\" \/><input type=\"hidden\" name=\"_wpcf7_locale\" value=\"en_US\" \/><input type=\"hidden\" name=\"_wpcf7_unit_tag\" value=\"wpcf7-f338-o1\" \/><input type=\"hidden\" name=\"_wpcf7_container_post\" value=\"0\" \/><input type=\"hidden\" name=\"_wpcf7_posted_data_hash\" value=\"\" \/>\n<\/fieldset>\n<div class=\"civis-form\">\n\t<p><label> Ad Soyad *<br \/>\n<span class=\"wpcf7-form-control-wrap\" data-name=\"full-name\"><input size=\"40\" maxlength=\"400\" class=\"wpcf7-form-control wpcf7-text wpcf7-validates-as-required civis-input\" autocomplete=\"name\" aria-required=\"true\" aria-invalid=\"false\" placeholder=\"\u00d6rn: Maria Papadopoulou\" value=\"\" type=\"text\" name=\"full-name\" \/><\/span> <\/label>\n\t<\/p>\n\t<p><label> E-posta *<br \/>\n<span class=\"wpcf7-form-control-wrap\" data-name=\"your-email\"><input size=\"40\" maxlength=\"400\" class=\"wpcf7-form-control wpcf7-email wpcf7-validates-as-required wpcf7-text wpcf7-validates-as-email civis-input\" autocomplete=\"email\" aria-required=\"true\" aria-invalid=\"false\" placeholder=\"\u00d6rn: name@email.com\" value=\"\" type=\"email\" name=\"your-email\" \/><\/span> <\/label>\n\t<\/p>\n\t<p><label> Telefon *<br \/>\n<span class=\"wpcf7-form-control-wrap\" data-name=\"phone\"><input size=\"40\" maxlength=\"400\" class=\"wpcf7-form-control wpcf7-tel wpcf7-validates-as-required wpcf7-text wpcf7-validates-as-tel civis-input\" autocomplete=\"tel\" aria-required=\"true\" aria-invalid=\"false\" placeholder=\"\u00d6rn: 99 123456\" value=\"\" type=\"tel\" name=\"phone\" \/><\/span> <\/label>\n\t<\/p>\n\t<p><label> Hizmet *<br \/>\n<span class=\"wpcf7-form-control-wrap\" data-name=\"service\"><select class=\"wpcf7-form-control wpcf7-select wpcf7-validates-as-required civis-input\" aria-required=\"true\" aria-invalid=\"false\" name=\"service\"><option value=\"\">\u2014Hizmet se\u00e7in\u2014<\/option><option value=\"Ba\u015fvurular \/ Formlar\">Ba\u015fvurular \/ Formlar<\/option><option value=\"\u00d6demeler\">\u00d6demeler<\/option><option value=\"Vergi Beyanlar\u0131\">Vergi Beyanlar\u0131<\/option><option value=\"Vize\">Vize<\/option><option value=\"Di\u011fer\">Di\u011fer<\/option><\/select><\/span><br \/>\n<\/label>\n\t<\/p>\n\t<p><label> Mesaj<br \/>\n<span class=\"wpcf7-form-control-wrap\" data-name=\"message\"><textarea cols=\"40\" rows=\"10\" maxlength=\"2000\" class=\"wpcf7-form-control wpcf7-textarea civis-textarea\" aria-invalid=\"false\" placeholder=\"K\u0131sa detaylar ve varsa son tarih yaz\u0131n...\" name=\"message\"><\/textarea><\/span> <\/label>\n\t<\/p>\n\t<p><input class=\"wpcf7-form-control wpcf7-submit has-spinner civis-submit\" type=\"submit\" value=\"Talep G\u00f6nder\" \/>\n\t<\/p>\n<\/div><p style=\"display: none !important;\" class=\"akismet-fields-container\" data-prefix=\"_wpcf7_ak_\"><label>&#916;<textarea name=\"_wpcf7_ak_hp_textarea\" cols=\"45\" rows=\"8\" maxlength=\"100\"><\/textarea><\/label><input type=\"hidden\" id=\"ak_js_1\" name=\"_wpcf7_ak_js\" value=\"189\"\/><script>document.getElementById( \"ak_js_1\" ).setAttribute( \"value\", ( new Date() ).getTime() );<\/script><\/p><div class=\"wpcf7-response-output\" aria-hidden=\"true\"><\/div>\n<\/form>\n<\/div>\n\n\n\n\n<p class=\"has-small-font-size\">Bilgileriniz yaln\u0131zca talebinize yan\u0131t vermek amac\u0131yla kullan\u0131lacakt\u0131r.<\/p>\n<\/div>\n<\/div>\n\n\n\n<div class=\"wp-block-column is-layout-flow wp-block-column-is-layout-flow\">\n<div class=\"wp-block-group has-border-color is-layout-flow wp-block-group-is-layout-flow\" style=\"border-color:rgba(0,0,0,0.12);border-width:1px;border-radius:16px;padding-top:18px;padding-right:18px;padding-bottom:18px;padding-left:18px\">\n<h3 class=\"wp-block-heading\"><strong>\u0130leti\u015fim Bilgileri<\/strong><\/h3>\n\n\n\n<p>\ud83d\udcde <strong>Telefon:<\/strong> +357 99 525887<\/p>\n\n\n\n<p><a href=\"https:\/\/wa.me\/35799525887\" \n   class=\"whatsapp-float\" \n   target=\"_blank\"\n   aria-label=\" WhatsApp\">\n\n  <img decoding=\"async\" src=\"https:\/\/civiservcy.com\/wp-content\/uploads\/2026\/01\/social.png\" \n       alt=\"WhatsApp\" \n       class=\"wa-img\"> WhatsApp\n<\/a><\/p>\n\n\n\n<p>\ud83d\udce7 <strong>E-posta:<\/strong> <a href=\"mailto:info@civiservcy.com\">info@civiservcy.com<\/a><\/p>\n\n\n\n<p><strong>Hizmet Alan\u0131:<\/strong> T\u00fcm K\u0131br\u0131s<\/p>\n\n\n\n<h3 class=\"wp-block-heading\"><strong>S\u0131k\u00e7a Sorulan Sorular<\/strong><\/h3>\n\n\n\n<p><strong>Ne kadar s\u00fcrede d\u00f6n\u00fc\u015f yap\u0131yorsunuz?<\/strong><br>Genellikle ayn\u0131 g\u00fcn i\u00e7inde yan\u0131tl\u0131yoruz.<\/p>\n\n\n\n<p><strong>Bilgilerim g\u00fcvende mi?<\/strong><br>Evet, t\u00fcm bilgilerinizi tam gizlilikle i\u015fleriz.<\/p>\n\n\n\n<p><strong>Uzaktan hizmet alabilir miyim?<\/strong><br>Evet, hizmete ba\u011fl\u0131 olarak uzaktan destek sunuyoruz.<\/p>\n\n\n\n<p class=\"has-small-font-size\"><em>\u00d6zel vatanda\u015f destek ofisi \u2013 resmi bir devlet kurumu de\u011fildir.<\/em><\/p>\n<\/div>\n<\/div>\n<\/div>\n<\/main>\n\n\n\n<p><\/p>\n","protected":false},"excerpt":{"rendered":"<p>Vergi, vize, \u00f6deme veya i\u015flemlerle ilgili yard\u0131ma m\u0131 ihtiyac\u0131n\u0131z var? Bize mesaj g\u00f6nderin, en k\u0131sa s\u00fcrede size geri d\u00f6n\u00fc\u015f yapal\u0131m. \u0130leti\u015fim Formu Formu doldurun, k\u0131sa s\u00fcre i\u00e7inde sizinle ileti\u015fime ge\u00e7elim. Bilgileriniz yaln\u0131zca talebinize yan\u0131t vermek amac\u0131yla kullan\u0131lacakt\u0131r. \u0130leti\u015fim Bilgileri \ud83d\udcde Telefon: +357 99 525887 WhatsApp \ud83d\udce7 E-posta: info@civiservcy.com Hizmet Alan\u0131: T\u00fcm K\u0131br\u0131s S\u0131k\u00e7a Sorulan Sorular [&hellip;]<\/p>\n","protected":false},"author":1,"featured_media":0,"parent":0,"menu_order":0,"comment_status":"closed","ping_status":"closed","template":"","meta":{"footnotes":""},"class_list":["post-339","page","type-page","status-publish","hentry"],"_links":{"self":[{"href":"https:\/\/civiservcy.com\/index.php?rest_route=\/wp\/v2\/pages\/339","targetHints":{"allow":["GET"]}}],"collection":[{"href":"https:\/\/civiservcy.com\/index.php?rest_route=\/wp\/v2\/pages"}],"about":[{"href":"https:\/\/civiservcy.com\/index.php?rest_route=\/wp\/v2\/types\/page"}],"author":[{"embeddable":true,"href":"https:\/\/civiservcy.com\/index.php?rest_route=\/wp\/v2\/users\/1"}],"replies":[{"embeddable":true,"href":"https:\/\/civiservcy.com\/index.php?rest_route=%2Fwp%2Fv2%2Fcomments&post=339"}],"version-history":[{"count":3,"href":"https:\/\/civiservcy.com\/index.php?rest_route=\/wp\/v2\/pages\/339\/revisions"}],"predecessor-version":[{"id":353,"href":"https:\/\/civiservcy.com\/index.php?rest_route=\/wp\/v2\/pages\/339\/revisions\/353"}],"wp:attachment":[{"href":"https:\/\/civiservcy.com\/index.php?rest_route=%2Fwp%2Fv2%2Fmedia&parent=339"}],"curies":[{"name":"wp","href":"https:\/\/api.w.org\/{rel}","templated":true}]}}