{"id":344,"date":"2026-01-10T21:03:49","date_gmt":"2026-01-10T21:03:49","guid":{"rendered":"https:\/\/civiservcy.com\/?page_id=344"},"modified":"2026-01-19T21:43:40","modified_gmt":"2026-01-19T21:43:40","slug":"344-2","status":"publish","type":"page","link":"https:\/\/civiservcy.com\/?page_id=344&lang=tr","title":{"rendered":"Hizmetler"},"content":{"rendered":"\n<p class=\"has-large-font-size\">Gizlilik ve net ad\u0131mlar ile destek, rehberlik ve s\u00fcre\u00e7 y\u00f6netimi sunuyoruz.<\/p>\n\n\n\n<p>T\u00fcm K\u0131br\u0131s genelinde (m\u00fcmk\u00fcn oldu\u011funda online) hizmet veriyoruz.<br><\/p>\n\n\n\n<div class=\"wp-block-buttons is-layout-flex wp-block-buttons-is-layout-flex\">\n<div class=\"wp-block-button\"><a class=\"wp-block-button__link wp-element-button\" href=\"https:\/\/civiservcy.com\/?page_id=339&amp;lang=tr\" style=\"border-radius:999px\"><strong>Bizimle ileti\u015fime ge\u00e7in<\/strong><\/a><\/div>\n\n\n\n<div class=\"wp-block-button\"><a class=\"wp-block-button__link has-contrast-background-color has-background wp-element-button\" href=\"tel:+35799999999\" style=\"border-radius:999px\"><strong>Hemen aray\u0131n<\/strong><\/a><\/div>\n<\/div>\n\n\n\n<hr class=\"wp-block-separator has-css-opacity\"\/>\n\n\n\n<div class=\"wp-block-group has-border-color is-layout-flow wp-block-group-is-layout-flow\" style=\"border-color:rgba(0,0,0,0.12);border-width:1px;border-radius:16px;margin-bottom:16px;padding-top:18px;padding-right:18px;padding-bottom:18px;padding-left:18px\">\n<h2 class=\"wp-block-heading\">\ud83d\uddc2\ufe0f Ba\u015fvurular &amp; Formlar<\/h2>\n\n\n\n<p>Formlar ve gereklilikler konusunda kafan\u0131z kar\u0131\u015f\u0131ksa, hatalar\u0131 ve gecikmeleri \u00f6nlemek i\u00e7in s\u00fcreci sizin ad\u0131n\u0131za d\u00fczenliyoruz.<\/p>\n\n\n\n<ul class=\"wp-block-list\">\n<li>Kamu hizmetleri i\u00e7in rehberlik<\/li>\n\n\n\n<li>Ba\u015fvurular\u0131n doldurulmas\u0131 ve kontrol\u00fc<\/li>\n\n\n\n<li>Dosyalar\u0131n d\u00fczenlenmesi ve teslimi<\/li>\n<\/ul>\n<\/div>\n\n\n\n<div class=\"wp-block-group has-border-color is-layout-flow wp-block-group-is-layout-flow\" style=\"border-color:rgba(0,0,0,0.12);border-width:1px;border-radius:16px;margin-bottom:16px;padding-top:18px;padding-right:18px;padding-bottom:18px;padding-left:18px\">\n<h2 class=\"wp-block-heading\">\ud83d\udcc5 Randevular &amp; Destek<\/h2>\n\n\n\n<p>Randevu alman\u0131za ve s\u00fcreci do\u011fru \u015fekilde takip etmenize yard\u0131mc\u0131 oluyoruz (online veya y\u00fcz y\u00fcze).<\/p>\n\n\n\n<ul class=\"wp-block-list\">\n<li>Devlet kurumlar\u0131ndan randevu alma<\/li>\n\n\n\n<li>Ad\u0131m ad\u0131m rehberlik (online &amp; y\u00fcz y\u00fcze)<\/li>\n\n\n\n<li>Gerekli durumlarda e\u015flik (izin verilen yerlerde)<\/li>\n<\/ul>\n<\/div>\n\n\n\n<div class=\"wp-block-group has-border-color is-layout-flow wp-block-group-is-layout-flow\" style=\"border-color:rgba(0,0,0,0.12);border-width:1px;border-radius:16px;margin-bottom:16px;padding-top:18px;padding-right:18px;padding-bottom:18px;padding-left:18px\">\n<h2 class=\"wp-block-heading\">\u2709\ufe0f Belgeler &amp; Dilek\u00e7eler<\/h2>\n\n\n\n<p>Belgelerin do\u011fru haz\u0131rlanmas\u0131 ve d\u00fczenlenmesi gerekti\u011finde, bilgilerinizi net \u015fekilde sunman\u0131za yard\u0131mc\u0131 oluruz.<\/p>\n\n\n\n<ul class=\"wp-block-list\">\n<li>Dilek\u00e7e ve ba\u015fvuru yaz\u0131m\u0131<\/li>\n\n\n\n<li>Destekleyici evraklar\u0131n toplanmas\u0131<\/li>\n\n\n\n<li>Resmi olmayan \u00e7eviriler<\/li>\n<\/ul>\n<\/div>\n\n\n\n<div class=\"wp-block-group has-border-color is-layout-flow wp-block-group-is-layout-flow\" style=\"border-color:rgba(0,0,0,0.12);border-width:1px;border-radius:16px;margin-bottom:16px;padding-top:18px;padding-right:18px;padding-bottom:18px;padding-left:18px\">\n<h2 class=\"wp-block-heading\">\ud83e\uddfe Vergi Beyanlar\u0131 (Basit)<\/h2>\n\n\n\n<p>Vatanda\u015f taraf\u0131ndan sa\u011flanan bilgilere dayanarak basit vergi beyannameleri i\u00e7in destek sunuyoruz.<\/p>\n\n\n\n<p class=\"has-small-font-size\">Muhasebe veya vergi dan\u0131\u015fmanl\u0131\u011f\u0131 verilmez<\/p>\n\n\n\n<p>Basit beyannamelerin doldurulmas\u0131<\/p>\n\n\n\n<p>Sa\u011flad\u0131\u011f\u0131n\u0131z belgelere dayal\u0131 rehberlik<\/p>\n<\/div>\n\n\n\n<div class=\"wp-block-group has-border-color is-layout-flow wp-block-group-is-layout-flow\" style=\"border-color:rgba(0,0,0,0.12);border-width:1px;border-radius:16px;margin-bottom:16px;padding-top:18px;padding-right:18px;padding-bottom:18px;padding-left:18px\">\n<h2 class=\"wp-block-heading\">\ud83c\udfe2 Kurumsal Hizmetler<\/h2>\n\n\n\n<p>\u03a5Hukuk b\u00fcrolar\u0131yla i\u015f birli\u011fi i\u00e7inde \u015firket kurulu\u015f i\u015flemleri i\u00e7in destek sa\u011fl\u0131yoruz.<\/p>\n\n\n\n<ul class=\"wp-block-list\">\n<li>K\u0131br\u0131s\u2019ta \u015firket kurulu\u015f deste\u011fi<\/li>\n\n\n\n<li>B\u00fcy\u00fck hukuk b\u00fcrolar\u0131 ile i\u015f birli\u011fi<\/li>\n\n\n\n<li>Evrak toplama ve s\u00fcre\u00e7 koordinasyonu<\/li>\n<\/ul>\n\n\n\n<p class=\"has-small-font-size\">\u26a0 Hukuki i\u015flemler i\u015f birli\u011fi yap\u0131lan hukuk b\u00fcrolar\u0131 taraf\u0131ndan y\u00fcr\u00fct\u00fcl\u00fcr.<\/p>\n<\/div>\n\n\n\n<div class=\"wp-block-group has-border-color is-layout-flow wp-block-group-is-layout-flow\" style=\"border-color:rgba(0,0,0,0.12);border-width:1px;border-radius:16px;margin-bottom:16px;padding-top:18px;padding-right:18px;padding-bottom:18px;padding-left:18px\">\n<h2 class=\"wp-block-heading\">\ud83d\udcb3 Fatura \u00d6demeleri<\/h2>\n\n\n\n<p>Gecikmeleri ve hatalar\u0131 \u00f6nlemek i\u00e7in g\u00fcvenli ve d\u00fczenli \u00f6deme deste\u011fi sunuyoruz.<\/p>\n\n\n\n<ul class=\"wp-block-list\">\n<li>Elektrik, su vb. fatura \u00f6demeleri<\/li>\n\n\n\n<li>Har\u00e7 ve di\u011fer y\u00fck\u00fcml\u00fcl\u00fcklerin \u00f6denmesi<\/li>\n\n\n\n<li>Online \u00f6deme deste\u011fi<\/li>\n<\/ul>\n\n\n\n<p class=\"has-small-font-size\">\u00d6demeler vatanda\u015f\u0131n bilgileri ve yaz\u0131l\u0131 onay\u0131 ile yap\u0131l\u0131r.<\/p>\n<\/div>\n\n\n\n<div class=\"wp-block-group has-border-color is-layout-flow wp-block-group-is-layout-flow\" style=\"border-color:rgba(0,0,0,0.12);border-width:1px;border-radius:16px;margin-bottom:16px;padding-top:18px;padding-right:18px;padding-bottom:18px;padding-left:18px\">\n<h2 class=\"wp-block-heading\">\ud83d\udcbb Online Hizmetler<\/h2>\n\n\n\n<p>M\u00fcmk\u00fcn olan durumlarda online destek ve i\u015flem y\u00f6netimi.<\/p>\n\n\n\n<ul class=\"wp-block-list\">\n<li>Online rehberlik ve i\u015flem<\/li>\n\n\n\n<li>T\u00fcm K\u0131br\u0131s genelinde hizmet<\/li>\n<\/ul>\n<\/div>\n\n\n\n<div class=\"wp-block-group has-border-color is-content-justification-space-between is-layout-flex wp-container-core-group-is-layout-c0af7b5d wp-block-group-is-layout-flex\" style=\"border-color:rgba(0,0,0,0.12);border-width:1px;border-radius:16px;margin-top:18px;margin-bottom:18px;padding-top:16px;padding-right:16px;padding-bottom:16px;padding-left:16px\">\n<p>Hangi hizmete ihtiyac\u0131n\u0131z oldu\u011fundan emin de\u011fil misiniz?<br>Bize mesaj g\u00f6nderin, sizi y\u00f6nlendirelim.<\/p>\n\n\n\n<div class=\"wp-block-buttons is-layout-flex wp-block-buttons-is-layout-flex\">\n<div class=\"wp-block-button\"><a class=\"wp-block-button__link wp-element-button\" href=\"https:\/\/civiservcy.com\/?page_id=339&amp;lang=tr\" style=\"border-radius:999px\">Bizimle ileti\u015fime ge\u00e7in<\/a><\/div>\n<\/div>\n<\/div>\n\n\n\n<div class=\"wp-block-group has-global-padding is-layout-constrained wp-block-group-is-layout-constrained\" style=\"padding-top:10px;padding-bottom:10px\">\n<h4 class=\"wp-block-heading\">\u26a0 A\u00e7\u0131klama<\/h4>\n\n\n\n<p>Sunulan hizmetler destek, rehberlik ve yetkilendirme ile i\u015flem y\u00fcr\u00fctmeyi kapsar.<br>Ofisimiz \u00f6zeldir ve bir devlet kurumu de\u011fildir.<\/p>\n<\/div>\n\n\n\n<p><\/p>\n","protected":false},"excerpt":{"rendered":"<p>Gizlilik ve net ad\u0131mlar ile destek, rehberlik ve s\u00fcre\u00e7 y\u00f6netimi sunuyoruz. T\u00fcm K\u0131br\u0131s genelinde (m\u00fcmk\u00fcn oldu\u011funda online) hizmet veriyoruz. \ud83d\uddc2\ufe0f Ba\u015fvurular &amp; Formlar Formlar ve gereklilikler konusunda kafan\u0131z kar\u0131\u015f\u0131ksa, hatalar\u0131 ve gecikmeleri \u00f6nlemek i\u00e7in s\u00fcreci sizin ad\u0131n\u0131za d\u00fczenliyoruz. \ud83d\udcc5 Randevular &amp; Destek Randevu alman\u0131za ve s\u00fcreci do\u011fru \u015fekilde takip etmenize yard\u0131mc\u0131 oluyoruz (online veya y\u00fcz [&hellip;]<\/p>\n","protected":false},"author":1,"featured_media":0,"parent":0,"menu_order":0,"comment_status":"closed","ping_status":"closed","template":"","meta":{"footnotes":""},"class_list":["post-344","page","type-page","status-publish","hentry"],"_links":{"self":[{"href":"https:\/\/civiservcy.com\/index.php?rest_route=\/wp\/v2\/pages\/344","targetHints":{"allow":["GET"]}}],"collection":[{"href":"https:\/\/civiservcy.com\/index.php?rest_route=\/wp\/v2\/pages"}],"about":[{"href":"https:\/\/civiservcy.com\/index.php?rest_route=\/wp\/v2\/types\/page"}],"author":[{"embeddable":true,"href":"https:\/\/civiservcy.com\/index.php?rest_route=\/wp\/v2\/users\/1"}],"replies":[{"embeddable":true,"href":"https:\/\/civiservcy.com\/index.php?rest_route=%2Fwp%2Fv2%2Fcomments&post=344"}],"version-history":[{"count":3,"href":"https:\/\/civiservcy.com\/index.php?rest_route=\/wp\/v2\/pages\/344\/revisions"}],"predecessor-version":[{"id":358,"href":"https:\/\/civiservcy.com\/index.php?rest_route=\/wp\/v2\/pages\/344\/revisions\/358"}],"wp:attachment":[{"href":"https:\/\/civiservcy.com\/index.php?rest_route=%2Fwp%2Fv2%2Fmedia&parent=344"}],"curies":[{"name":"wp","href":"https:\/\/api.w.org\/{rel}","templated":true}]}}